{"id":681,"date":"2022-07-02T05:28:59","date_gmt":"2022-07-02T05:28:59","guid":{"rendered":"https:\/\/startersites.io\/elementor\/floreo\/?page_id=681"},"modified":"2026-02-17T17:59:17","modified_gmt":"2026-02-17T17:59:17","slug":"quem-somos","status":"publish","type":"page","link":"https:\/\/prontoifit.com.br\/?page_id=681","title":{"rendered":"Quem somos"},"content":{"rendered":"\t\t<div data-elementor-type=\"wp-page\" data-elementor-id=\"681\" class=\"elementor elementor-681\">\n\t\t\t\t<div class=\"elementor-element elementor-element-da2f1b1 e-flex e-con-boxed e-con e-parent\" data-id=\"da2f1b1\" data-element_type=\"container\" data-e-type=\"container\" data-settings=\"{&quot;background_background&quot;:&quot;classic&quot;}\">\n\t\t\t\t\t<div class=\"e-con-inner\">\n\t\t\t\t<div class=\"elementor-element elementor-element-3fedb34 elementor-widget elementor-widget-heading\" data-id=\"3fedb34\" data-element_type=\"widget\" data-e-type=\"widget\" data-widget_type=\"heading.default\">\n\t\t\t\t\t<h2 class=\"elementor-heading-title elementor-size-default\">SOBRE N\u00d3S<\/h2>\t\t\t\t<\/div>\n\t\t\t\t\t<\/div>\n\t\t\t\t<\/div>\n\t\t<div class=\"elementor-element elementor-element-49a7938 e-flex e-con-boxed e-con e-parent\" data-id=\"49a7938\" data-element_type=\"container\" data-e-type=\"container\">\n\t\t\t\t\t<div class=\"e-con-inner\">\n\t\t<div class=\"elementor-element elementor-element-713c4d5 e-con-full e-flex e-con e-child\" data-id=\"713c4d5\" data-element_type=\"container\" data-e-type=\"container\" data-settings=\"{&quot;background_background&quot;:&quot;classic&quot;}\">\n\t\t\t\t<\/div>\n\t\t<div class=\"elementor-element elementor-element-61b57e6 e-con-full e-flex e-con e-child\" data-id=\"61b57e6\" data-element_type=\"container\" data-e-type=\"container\" data-settings=\"{&quot;background_background&quot;:&quot;classic&quot;}\">\n\t\t\t\t<div class=\"elementor-element elementor-element-0ab3ed4 elementor-widget elementor-widget-heading\" data-id=\"0ab3ed4\" data-element_type=\"widget\" data-e-type=\"widget\" data-widget_type=\"heading.default\">\n\t\t\t\t\t<h2 class=\"elementor-heading-title elementor-size-default\">QUEM SOMOS<\/h2>\t\t\t\t<\/div>\n\t\t\t\t<div class=\"elementor-element elementor-element-488c354 elementor-widget elementor-widget-text-editor\" data-id=\"488c354\" data-element_type=\"widget\" data-e-type=\"widget\" data-widget_type=\"text-editor.default\">\n\t\t\t\t\t\t\t\t\t<p data-start=\"215\" data-end=\"357\"><span style=\"font-family: inherit; font-size: inherit; font-style: inherit; font-variant-ligatures: inherit; font-variant-caps: inherit; font-weight: inherit;\">\ud83d\udc9a <\/span><strong data-start=\"93\" data-end=\"151\" style=\"font-family: inherit; font-size: inherit; font-style: inherit; font-variant-ligatures: inherit; font-variant-caps: inherit;\">Prontoifit \u2014 feito por uma fam\u00edlia, para cuidar da sua<\/strong><\/p>\n<p data-start=\"153\" data-end=\"292\">A Prontoifit nasceu de um prop\u00f3sito muito simples:<br data-start=\"203\" data-end=\"206\">\n<strong data-start=\"206\" data-end=\"288\">levar para a mesa das pessoas uma comida de verdade, saud\u00e1vel e cheia de sabor<\/strong> \ud83c\udf7d\ufe0f<\/p>\n<p data-start=\"294\" data-end=\"556\">Mais do que vender marmitas congeladas, n\u00f3s somos uma <strong data-start=\"348\" data-end=\"392\">fam\u00edlia que se preocupa com cada detalhe<\/strong> \u2014 desde a escolha dos ingredientes at\u00e9 o preparo de cada refei\u00e7\u00e3o. Tudo \u00e9 feito com carinho, cuidado e aquele tempero especial que s\u00f3 comida feita com amor tem \ud83e\udd57\u2728<\/p>\n<p data-start=\"558\" data-end=\"816\">N\u00f3s sabemos que a rotina \u00e9 corrida, que muitas vezes <strong data-start=\"611\" data-end=\"626\">falta tempo<\/strong> e ainda surge a d\u00favida: <em data-start=\"651\" data-end=\"679\">\u201co que vou cozinhar hoje?\u201d<\/em>. Pensando nisso, cuidamos especialmente de pessoas com a agenda intensa, que precisam <strong data-start=\"766\" data-end=\"813\">otimizar o tempo sem abrir m\u00e3o de comer bem<\/strong> \ud83d\udc9a<\/p>\n<p data-start=\"818\" data-end=\"1001\">Aqui, a gente acredita que comer bem \u00e9 um ato de cuidado com voc\u00ea e com quem voc\u00ea ama. Por isso, cada marmita que sai da nossa cozinha carrega <strong data-start=\"961\" data-end=\"1000\">qualidade, equil\u00edbrio e muito sabor<\/strong>.<\/p>\n<p data-start=\"1003\" data-end=\"1132\">Seja muito bem-vindo(a) \u00e0 nossa fam\u00edlia.<br data-start=\"1043\" data-end=\"1046\">\nVai ser um prazer fazer parte da sua rotina e cuidar da sua alimenta\u00e7\u00e3o todos os dias.<\/p>\n<p data-start=\"1134\" data-end=\"1190\" data-is-last-node=\"\" data-is-only-node=\"\"><strong data-start=\"1134\" data-end=\"1190\" data-is-last-node=\"\">Prontoifit\u2014 comida saud\u00e1vel, com carinho de casa \ud83d\udc9a<\/strong><\/p>\t\t\t\t\t\t\t\t<\/div>\n\t\t\t\t<div class=\"elementor-element elementor-element-945fc98 elementor-widget elementor-widget-image\" data-id=\"945fc98\" data-element_type=\"widget\" data-e-type=\"widget\" data-widget_type=\"image.default\">\n\t\t\t\t\t\t\t\t\t\t\t\t\t\t\t<img fetchpriority=\"high\" decoding=\"async\" width=\"300\" height=\"300\" src=\"https:\/\/prontoifit.com.br\/wp-content\/uploads\/2026\/02\/cropped-logoprontoifit-300x300.jpg\" class=\"attachment-medium size-medium wp-image-7\" alt=\"\" srcset=\"https:\/\/prontoifit.com.br\/wp-content\/uploads\/2026\/02\/cropped-logoprontoifit-300x300.jpg 300w, https:\/\/prontoifit.com.br\/wp-content\/uploads\/2026\/02\/cropped-logoprontoifit-150x150.jpg 150w, https:\/\/prontoifit.com.br\/wp-content\/uploads\/2026\/02\/cropped-logoprontoifit-270x270.jpg 270w, https:\/\/prontoifit.com.br\/wp-content\/uploads\/2026\/02\/cropped-logoprontoifit-192x192.jpg 192w, https:\/\/prontoifit.com.br\/wp-content\/uploads\/2026\/02\/cropped-logoprontoifit-180x180.jpg 180w, https:\/\/prontoifit.com.br\/wp-content\/uploads\/2026\/02\/cropped-logoprontoifit-32x32.jpg 32w, https:\/\/prontoifit.com.br\/wp-content\/uploads\/2026\/02\/cropped-logoprontoifit.jpg 512w\" sizes=\"(max-width: 300px) 100vw, 300px\" \/>\t\t\t\t\t\t\t\t\t\t\t\t\t\t\t<\/div>\n\t\t\t\t<\/div>\n\t\t\t\t\t<\/div>\n\t\t\t\t<\/div>\n\t\t\t\t<\/div>\n\t\t","protected":false},"excerpt":{"rendered":"<p>SOBRE N\u00d3S QUEM SOMOS \ud83d\udc9a Prontoifit \u2014 feito por uma fam\u00edlia, para cuidar da sua A Prontoifit nasceu de um prop\u00f3sito muito simples: levar para a mesa das pessoas uma comida de verdade, saud\u00e1vel e cheia de sabor \ud83c\udf7d\ufe0f Mais do que vender marmitas congeladas, n\u00f3s somos uma fam\u00edlia que se preocupa com cada detalhe [&hellip;]<\/p>\n","protected":false},"author":1,"featured_media":0,"parent":0,"menu_order":0,"comment_status":"closed","ping_status":"closed","template":"","meta":{"footnotes":""},"class_list":["post-681","page","type-page","status-publish","hentry"],"blocksy_meta":{"styles_descriptor":{"styles":{"desktop":"","tablet":"","mobile":""},"google_fonts":[],"version":6},"page_title_panel":"","has_hero_section":"disabled","1d15b7934ff424ab25737f2d764de13a":"","hero_section":"type-1","hero_elements":[{"id":"custom_title","enabled":true,"heading_tag":"h1","title":"Home"},{"id":"custom_description","enabled":true,"description_visibility":{"desktop":true,"tablet":true,"mobile":false}},{"id":"custom_meta","enabled":false,"meta_elements":[{"id":"author","enabled":true,"label":"By","has_author_avatar":"yes","avatar_size":25},{"id":"post_date","enabled":true,"label":"On","date_format_source":"default","date_format":"M j, Y"},{"id":"updated_date","enabled":false,"label":"On","date_format_source":"default","date_format":"M j, Y"},{"id":"categories","enabled":false,"label":"In","style":"simple"},{"id":"comments","enabled":true}],"page_meta_elements":{"joined":true,"articles_count":true,"comments":true}},{"id":"breadcrumbs","enabled":false}],"e377139f0e48a4cb5a64798ea8d651b9":"","hero_alignment1":"CT_CSS_SKIP_RULE","hero_margin":40,"hero_alignment2":"center","hero_vertical_alignment":"center","af09189de71c08c18e1cd076aeaad8fe":"","hero_structure":"narrow","4241a204ae10e70836b130f646a7f2d5":"","page_title_bg_type":"featured_image","custom_hero_background":{"attachment_id":null},"page_title_image_size":"full","parallax":{"desktop":false,"tablet":false,"mobile":false},"37c6846e78051bc32791c6958664507d":"","hero_height":"250px","pageTitleFont":{"family":"Default","variation":"Default","size":"30px","line-height":"CT_CSS_SKIP_RULE","letter-spacing":"CT_CSS_SKIP_RULE","text-transform":"CT_CSS_SKIP_RULE","text-decoration":"CT_CSS_SKIP_RULE"},"pageTitleFontColor":{"default":{"color":"CT_CSS_SKIP_RULEDEFAULT"}},"pageMetaFont":{"family":"Default","variation":"n6","size":"12px","line-height":"1.3","letter-spacing":"CT_CSS_SKIP_RULE","text-transform":"uppercase","text-decoration":"CT_CSS_SKIP_RULE"},"pageMetaFontColor":{"default":{"color":"CT_CSS_SKIP_RULEDEFAULT"},"hover":{"color":"CT_CSS_SKIP_RULEDEFAULT"}},"page_meta_button_type_font_colors":{"default":{"color":"CT_CSS_SKIP_RULEDEFAULT"},"hover":{"color":"CT_CSS_SKIP_RULEDEFAULT"}},"page_meta_button_type_background_colors":{"default":{"color":"CT_CSS_SKIP_RULEDEFAULT"},"hover":{"color":"CT_CSS_SKIP_RULEDEFAULT"}},"pageExcerptFont":{"family":"Default","variation":"Default","size":"CT_CSS_SKIP_RULE","line-height":"CT_CSS_SKIP_RULE","letter-spacing":"CT_CSS_SKIP_RULE","text-transform":"CT_CSS_SKIP_RULE","text-decoration":"CT_CSS_SKIP_RULE"},"pageExcerptColor":{"default":{"color":"CT_CSS_SKIP_RULEDEFAULT"}},"breadcrumbsFont":{"family":"Default","variation":"Default","size":"CT_CSS_SKIP_RULE","line-height":"CT_CSS_SKIP_RULE","letter-spacing":"CT_CSS_SKIP_RULE","text-transform":"CT_CSS_SKIP_RULE","text-decoration":"CT_CSS_SKIP_RULE"},"breadcrumbsFontColor":{"default":{"color":"CT_CSS_SKIP_RULEDEFAULT"},"initial":{"color":"CT_CSS_SKIP_RULEDEFAULT"},"hover":{"color":"CT_CSS_SKIP_RULEDEFAULT"}},"pageTitleOverlay":{"background_type":"color","background_pattern":"type-1","background_image":{"attachment_id":null,"x":0,"y":0},"gradient":"linear-gradient(135deg,rgba(6,147,227,1) 0%,rgb(155,81,224) 100%)","background_repeat":"repeat","background_size":"auto","background_attachment":"scroll","patternColor":{"default":{"color":"#e5e7ea"}},"overlayColor":{"default":{"color":"CT_CSS_SKIP_RULE"}},"backgroundColor":{"default":{"color":"CT_CSS_SKIP_RULE"}}},"pageTitleBackground":{"background_type":"color","background_pattern":"type-1","background_image":{"attachment_id":null,"x":0,"y":0},"gradient":"linear-gradient(135deg,rgba(6,147,227,1) 0%,rgb(155,81,224) 100%)","background_repeat":"repeat","background_size":"auto","background_attachment":"scroll","patternColor":{"default":{"color":"#e5e7ea"}},"overlayColor":{"default":{"color":"CT_CSS_SKIP_RULE"}},"backgroundColor":{"default":{"color":"var(--theme-palette-color-6)"}}},"pageTitlePadding":{"top":"50px","bottom":"50px","left":"auto","right":"auto","linked":true},"a8fa859ceafab67cbfce97e380ccc088":"","page_structure_type":"default","2c44625e200027fb7003d1deb510aed8":"","content_style_source":"inherit","content_style":"wide","vertical_spacing_source":"custom","content_area_spacing":"none","background":{"background_type":"color","background_pattern":"type-1","background_image":{"attachment_id":null,"x":0,"y":0},"gradient":"linear-gradient(135deg,rgba(6,147,227,1) 0%,rgb(155,81,224) 100%)","background_repeat":"repeat","background_size":"auto","background_attachment":"scroll","patternColor":{"default":{"color":"#e5e7ea"}},"overlayColor":{"default":{"color":"CT_CSS_SKIP_RULE"}},"backgroundColor":{"default":{"color":"CT_CSS_SKIP_RULE"}}},"content_background":{"background_type":"color","background_pattern":"type-1","background_image":{"attachment_id":null,"x":0,"y":0},"gradient":"linear-gradient(135deg,rgba(6,147,227,1) 0%,rgb(155,81,224) 100%)","background_repeat":"repeat","background_size":"auto","background_attachment":"scroll","patternColor":{"default":{"color":"#e5e7ea"}},"overlayColor":{"default":{"color":"CT_CSS_SKIP_RULE"}},"backgroundColor":{"default":{"color":"var(--theme-palette-color-8)"}}},"content_boxed_shadow":{"inherit":false,"blur":18,"spread":-6,"v_offset":12,"h_offset":0,"inset":false,"enable":true,"color":{"color":"rgba(34, 56, 101, 0.04)"}},"content_boxed_border":{"width":1,"style":"none","color":{"color":"rgba(44,62,80,0.2)"}},"content_boxed_radius":{"top":"3px","bottom":"3px","left":"3px","right":"3px","linked":true},"boxed_content_spacing":{"desktop":{"top":"40px","bottom":"40px","left":"40px","right":"40px","linked":true},"tablet":{"top":"35px","bottom":"35px","left":"35px","right":"35px","linked":true},"mobile":{"top":"20px","bottom":"20px","left":"20px","right":"20px","linked":true}},"b6a9da5a132a1b76f66ef374aa22372c":"","disable_featured_image":"no","disable_share_box":"no","disable_header":"no","disable_footer":"no"},"_links":{"self":[{"href":"https:\/\/prontoifit.com.br\/index.php?rest_route=\/wp\/v2\/pages\/681","targetHints":{"allow":["GET"]}}],"collection":[{"href":"https:\/\/prontoifit.com.br\/index.php?rest_route=\/wp\/v2\/pages"}],"about":[{"href":"https:\/\/prontoifit.com.br\/index.php?rest_route=\/wp\/v2\/types\/page"}],"author":[{"embeddable":true,"href":"https:\/\/prontoifit.com.br\/index.php?rest_route=\/wp\/v2\/users\/1"}],"replies":[{"embeddable":true,"href":"https:\/\/prontoifit.com.br\/index.php?rest_route=%2Fwp%2Fv2%2Fcomments&post=681"}],"version-history":[{"count":16,"href":"https:\/\/prontoifit.com.br\/index.php?rest_route=\/wp\/v2\/pages\/681\/revisions"}],"predecessor-version":[{"id":1302,"href":"https:\/\/prontoifit.com.br\/index.php?rest_route=\/wp\/v2\/pages\/681\/revisions\/1302"}],"wp:attachment":[{"href":"https:\/\/prontoifit.com.br\/index.php?rest_route=%2Fwp%2Fv2%2Fmedia&parent=681"}],"curies":[{"name":"wp","href":"https:\/\/api.w.org\/{rel}","templated":true}]}}