{"id":810,"date":"2022-07-03T15:40:27","date_gmt":"2022-07-03T15:40:27","guid":{"rendered":"https:\/\/startersites.io\/elementor\/floreo\/?page_id=810"},"modified":"2026-02-17T17:49:02","modified_gmt":"2026-02-17T17:49:02","slug":"como-funciona","status":"publish","type":"page","link":"https:\/\/prontoifit.com.br\/?page_id=810","title":{"rendered":"Como funciona"},"content":{"rendered":"\t\t<div data-elementor-type=\"wp-page\" data-elementor-id=\"810\" class=\"elementor elementor-810\">\n\t\t\t\t<div class=\"elementor-element elementor-element-4342a94 e-flex e-con-boxed e-con e-parent\" data-id=\"4342a94\" data-element_type=\"container\" data-e-type=\"container\" data-settings=\"{&quot;background_background&quot;:&quot;classic&quot;}\">\n\t\t\t\t\t<div class=\"e-con-inner\">\n\t\t\t\t<div class=\"elementor-element elementor-element-1a4815d elementor-widget elementor-widget-heading\" data-id=\"1a4815d\" data-element_type=\"widget\" data-e-type=\"widget\" data-widget_type=\"heading.default\">\n\t\t\t\t\t<h2 class=\"elementor-heading-title elementor-size-default\">Como funciona<\/h2>\t\t\t\t<\/div>\n\t\t\t\t\t<\/div>\n\t\t\t\t<\/div>\n\t\t<div class=\"elementor-element elementor-element-75c8ebc e-flex e-con-boxed e-con e-parent\" data-id=\"75c8ebc\" data-element_type=\"container\" data-e-type=\"container\" data-settings=\"{&quot;background_background&quot;:&quot;classic&quot;}\">\n\t\t\t\t\t<div class=\"e-con-inner\">\n\t\t<div class=\"elementor-element elementor-element-825b572 e-con-full e-flex e-con e-child\" data-id=\"825b572\" data-element_type=\"container\" data-e-type=\"container\">\n\t\t\t\t<div class=\"elementor-element elementor-element-3173f11 elementor-widget elementor-widget-text-editor\" data-id=\"3173f11\" data-element_type=\"widget\" data-e-type=\"widget\" data-widget_type=\"text-editor.default\">\n\t\t\t\t\t\t\t\t\t<p data-start=\"177\" data-end=\"280\">Comprar suas refei\u00e7\u00f5es conosco \u00e9 simples, r\u00e1pido e sem complica\u00e7\u00e3o. Veja como funciona o passo a passo:<\/p><h3 data-start=\"282\" data-end=\"313\">1\ufe0f\u20e3 Escolha seus produtos<\/h3><p data-start=\"314\" data-end=\"456\">Navegue pelo nosso site, conhe\u00e7a nossas marmitas, sucos, saladas, bolos e doces.<br data-start=\"394\" data-end=\"397\" \/>Selecione os produtos desejados e <strong data-start=\"431\" data-end=\"455\">adicione ao carrinho<\/strong>.<\/p><h3 data-start=\"458\" data-end=\"499\">2\ufe0f\u20e3 Finalize o pedido pelo WhatsApp<\/h3><p data-start=\"500\" data-end=\"663\">Ap\u00f3s escolher seus produtos, finalize o pedido.<br data-start=\"547\" data-end=\"550\" \/>Voc\u00ea ser\u00e1 direcionado automaticamente para o <strong data-start=\"595\" data-end=\"607\">WhatsApp<\/strong>, onde receberemos todas as informa\u00e7\u00f5es do seu carrinho.<\/p><h3 data-start=\"665\" data-end=\"698\">3\ufe0f\u20e3 Confirma\u00e7\u00e3o e pagamento<\/h3><p data-start=\"699\" data-end=\"832\">Nossa equipe ir\u00e1 conferir seu pedido e entrar em contato para confirmar os detalhes.<br data-start=\"783\" data-end=\"786\" \/>Em seguida, enviaremos as op\u00e7\u00f5es de pagamento:<\/p><ul data-start=\"833\" data-end=\"921\"><li data-start=\"833\" data-end=\"842\"><p data-start=\"835\" data-end=\"842\"><strong data-start=\"835\" data-end=\"842\">PIX<\/strong><\/p><\/li><li data-start=\"843\" data-end=\"921\"><p data-start=\"845\" data-end=\"921\"><strong data-start=\"845\" data-end=\"866\">Cart\u00e3o de cr\u00e9dito<\/strong>, por meio de <strong data-start=\"880\" data-end=\"921\"><span class=\"hover:entity-accent entity-underline inline cursor-pointer align-baseline\"><span class=\"whitespace-normal\">Mercado Pago<\/span><\/span><\/strong><\/p><\/li><\/ul><h3 data-start=\"923\" data-end=\"963\">4\ufe0f\u20e3 Taxa de entrega (se aplic\u00e1vel)<\/h3><p data-start=\"964\" data-end=\"1199\">Caso seu endere\u00e7o esteja fora do nosso raio padr\u00e3o de entrega, poder\u00e1 ser cobrada uma <strong data-start=\"1050\" data-end=\"1068\">taxa adicional<\/strong>, calculada de acordo com a dist\u00e2ncia.<br data-start=\"1106\" data-end=\"1109\" \/>O valor da entrega ser\u00e1 <strong data-start=\"1133\" data-end=\"1172\">sempre informado antes do pagamento<\/strong>, para total transpar\u00eancia.<\/p><h3 data-start=\"1201\" data-end=\"1226\">5\ufe0f\u20e3 Envio do pedido<\/h3><p data-start=\"1227\" data-end=\"1346\">Ap\u00f3s a confirma\u00e7\u00e3o do pagamento, preparamos seu pedido com todo cuidado e realizamos o envio dentro do prazo combinado.<\/p><hr data-start=\"1348\" data-end=\"1351\" \/><p data-start=\"1353\" data-end=\"1478\">\ud83d\udc9a <strong data-start=\"1356\" data-end=\"1374\">Simples assim:<\/strong> voc\u00ea escolhe, n\u00f3s cuidamos do resto.<br data-start=\"1411\" data-end=\"1414\" \/>Comida de verdade, pr\u00e1tica e pronta para facilitar a sua rotina.<\/p>\t\t\t\t\t\t\t\t<\/div>\n\t\t\t\t<\/div>\n\t\t\t\t\t<\/div>\n\t\t\t\t<\/div>\n\t\t<div class=\"elementor-element elementor-element-1ff9b2f e-flex e-con-boxed e-con e-parent\" data-id=\"1ff9b2f\" data-element_type=\"container\" data-e-type=\"container\" data-settings=\"{&quot;background_background&quot;:&quot;classic&quot;}\">\n\t\t\t\t\t<div class=\"e-con-inner\">\n\t\t<div class=\"elementor-element elementor-element-846401d e-con-full e-flex e-con e-child\" data-id=\"846401d\" data-element_type=\"container\" data-e-type=\"container\" data-settings=\"{&quot;background_background&quot;:&quot;classic&quot;}\">\n\t\t\t\t<div class=\"elementor-element elementor-element-9a2ea47 elementor-widget-mobile__width-inherit elementor-widget elementor-widget-heading\" data-id=\"9a2ea47\" data-element_type=\"widget\" data-e-type=\"widget\" data-widget_type=\"heading.default\">\n\t\t\t\t\t<h2 class=\"elementor-heading-title elementor-size-default\">Escolha por categoria<\/h2>\t\t\t\t<\/div>\n\t\t\t\t<div class=\"elementor-element elementor-element-ee2129a elementor-widget elementor-widget-shortcode\" data-id=\"ee2129a\" data-element_type=\"widget\" data-e-type=\"widget\" data-widget_type=\"shortcode.default\">\n\t\t\t\t\t\t\t<div class=\"elementor-shortcode\"><div class=\"woocommerce columns-4\"><ul class=\"products columns-4\" data-products=\"type-1\" data-hover=\"zoom-in\">\n<li class=\"product-category product first\">\n\t<a aria-label=\"Visite a categoria de produto Bolos e Doces\" href=\"https:\/\/prontoifit.com.br\/?product_cat=bolos-e-doces\"><img fetchpriority=\"high\" decoding=\"async\" src=\"https:\/\/prontoifit.com.br\/wp-content\/uploads\/2026\/02\/bolo-de-cenoura-300x300.jpg\" alt=\"Bolos e Doces\" width=\"300\" height=\"300\" srcset=\"https:\/\/prontoifit.com.br\/wp-content\/uploads\/2026\/02\/bolo-de-cenoura-300x300.jpg 300w, https:\/\/prontoifit.com.br\/wp-content\/uploads\/2026\/02\/bolo-de-cenoura-150x150.jpg 150w, https:\/\/prontoifit.com.br\/wp-content\/uploads\/2026\/02\/bolo-de-cenoura-100x100.jpg 100w\" sizes=\"(max-width: 300px) 100vw, 300px\" \/>\t\t<h2 class=\"woocommerce-loop-category__title\">\n\t\t\tBolos e Doces <mark class=\"count\">(1)<\/mark>\t\t<\/h2>\n\t\t<\/a><\/li>\n<li class=\"product-category product\">\n\t<a aria-label=\"Visite a categoria de produto Marmitas\" href=\"https:\/\/prontoifit.com.br\/?product_cat=marmitas\"><img decoding=\"async\" src=\"https:\/\/prontoifit.com.br\/wp-content\/uploads\/2026\/02\/banner2-marmita-prontoifit-300x300.jpg\" alt=\"Marmitas\" width=\"300\" height=\"300\" srcset=\"https:\/\/prontoifit.com.br\/wp-content\/uploads\/2026\/02\/banner2-marmita-prontoifit-300x300.jpg 300w, https:\/\/prontoifit.com.br\/wp-content\/uploads\/2026\/02\/banner2-marmita-prontoifit-150x150.jpg 150w, https:\/\/prontoifit.com.br\/wp-content\/uploads\/2026\/02\/banner2-marmita-prontoifit-100x100.jpg 100w\" sizes=\"(max-width: 300px) 100vw, 300px\" \/>\t\t<h2 class=\"woocommerce-loop-category__title\">\n\t\t\tMarmitas <mark class=\"count\">(2)<\/mark>\t\t<\/h2>\n\t\t<\/a><\/li>\n<li class=\"product-category product\">\n\t<a aria-label=\"Visite a categoria de produto Saladas no pote\" href=\"https:\/\/prontoifit.com.br\/?product_cat=saladas-no-pote\"><img decoding=\"async\" src=\"https:\/\/prontoifit.com.br\/wp-content\/uploads\/2026\/02\/banner-dos-potes-de-saladas-300x300.jpg\" alt=\"Saladas no pote\" width=\"300\" height=\"300\" srcset=\"https:\/\/prontoifit.com.br\/wp-content\/uploads\/2026\/02\/banner-dos-potes-de-saladas-300x300.jpg 300w, https:\/\/prontoifit.com.br\/wp-content\/uploads\/2026\/02\/banner-dos-potes-de-saladas-150x150.jpg 150w, https:\/\/prontoifit.com.br\/wp-content\/uploads\/2026\/02\/banner-dos-potes-de-saladas-100x100.jpg 100w\" sizes=\"(max-width: 300px) 100vw, 300px\" \/>\t\t<h2 class=\"woocommerce-loop-category__title\">\n\t\t\tSaladas no pote <mark class=\"count\">(1)<\/mark>\t\t<\/h2>\n\t\t<\/a><\/li>\n<li class=\"product-category product last\">\n\t<a aria-label=\"Visite a categoria de produto Sucos\" href=\"https:\/\/prontoifit.com.br\/?product_cat=sucos\"><img loading=\"lazy\" decoding=\"async\" src=\"https:\/\/prontoifit.com.br\/wp-content\/uploads\/2026\/02\/banner-de-suco-detox-300x300.jpg\" alt=\"Sucos\" width=\"300\" height=\"300\" srcset=\"https:\/\/prontoifit.com.br\/wp-content\/uploads\/2026\/02\/banner-de-suco-detox-300x300.jpg 300w, https:\/\/prontoifit.com.br\/wp-content\/uploads\/2026\/02\/banner-de-suco-detox-150x150.jpg 150w, https:\/\/prontoifit.com.br\/wp-content\/uploads\/2026\/02\/banner-de-suco-detox-100x100.jpg 100w\" sizes=\"(max-width: 300px) 100vw, 300px\" \/>\t\t<h2 class=\"woocommerce-loop-category__title\">\n\t\t\tSucos <mark class=\"count\">(1)<\/mark>\t\t<\/h2>\n\t\t<\/a><\/li>\n<\/ul>\n<\/div>\n<\/div>\n\t\t\t\t\t\t<\/div>\n\t\t\t\t<\/div>\n\t\t\t\t\t<\/div>\n\t\t\t\t<\/div>\n\t\t\t\t<\/div>\n\t\t","protected":false},"excerpt":{"rendered":"<p>Como funciona Comprar suas refei\u00e7\u00f5es conosco \u00e9 simples, r\u00e1pido e sem complica\u00e7\u00e3o. Veja como funciona o passo a passo: 1\ufe0f\u20e3 Escolha seus produtos Navegue pelo nosso site, conhe\u00e7a nossas marmitas, sucos, saladas, bolos e doces.Selecione os produtos desejados e adicione ao carrinho. 2\ufe0f\u20e3 Finalize o pedido pelo WhatsApp Ap\u00f3s escolher seus produtos, finalize o pedido.Voc\u00ea [&hellip;]<\/p>\n","protected":false},"author":1,"featured_media":0,"parent":0,"menu_order":0,"comment_status":"closed","ping_status":"closed","template":"","meta":{"footnotes":""},"class_list":["post-810","page","type-page","status-publish","hentry"],"blocksy_meta":{"page_title_panel":"","has_hero_section":"disabled","73d1961b1312c61361055d62c0b51a27":"","hero_section":"type-1","hero_elements":[{"id":"custom_title","enabled":true,"heading_tag":"h1","title":"Home"},{"id":"custom_description","enabled":true,"description_visibility":{"desktop":true,"tablet":true,"mobile":false}},{"id":"custom_meta","enabled":false,"meta_elements":[{"id":"author","enabled":true,"label":"By","has_author_avatar":"yes","avatar_size":25},{"id":"post_date","enabled":true,"label":"On","date_format_source":"default","date_format":"M j, Y"},{"id":"updated_date","enabled":false,"label":"On","date_format_source":"default","date_format":"M j, Y"},{"id":"categories","enabled":false,"label":"In","style":"simple"},{"id":"comments","enabled":true}],"page_meta_elements":{"joined":true,"articles_count":true,"comments":true}},{"id":"breadcrumbs","enabled":false}],"d24bbe04794e734ebeb686dd85a891cc":"","hero_alignment1":"CT_CSS_SKIP_RULE","hero_margin":40,"hero_alignment2":"center","hero_vertical_alignment":"center","b5545ebe3acdf0a81d2a4e8d72e293e7":"","hero_structure":"narrow","21a42e7ab7f360fb5fd659c4203f1d70":"","page_title_bg_type":"featured_image","custom_hero_background":{"attachment_id":null},"page_title_image_size":"full","parallax":{"desktop":false,"tablet":false,"mobile":false},"2819d4b0fc6c54ff87240c190b5603c0":"","hero_height":"250px","pageTitleFont":{"family":"Default","variation":"Default","size":"30px","line-height":"CT_CSS_SKIP_RULE","letter-spacing":"CT_CSS_SKIP_RULE","text-transform":"CT_CSS_SKIP_RULE","text-decoration":"CT_CSS_SKIP_RULE"},"pageTitleFontColor":{"default":{"color":"CT_CSS_SKIP_RULEDEFAULT"}},"pageMetaFont":{"family":"Default","variation":"n6","size":"12px","line-height":"1.3","letter-spacing":"CT_CSS_SKIP_RULE","text-transform":"uppercase","text-decoration":"CT_CSS_SKIP_RULE"},"pageMetaFontColor":{"default":{"color":"CT_CSS_SKIP_RULEDEFAULT"},"hover":{"color":"CT_CSS_SKIP_RULEDEFAULT"}},"page_meta_button_type_font_colors":{"default":{"color":"CT_CSS_SKIP_RULEDEFAULT"},"hover":{"color":"CT_CSS_SKIP_RULEDEFAULT"}},"page_meta_button_type_background_colors":{"default":{"color":"CT_CSS_SKIP_RULEDEFAULT"},"hover":{"color":"CT_CSS_SKIP_RULEDEFAULT"}},"pageExcerptFont":{"family":"Default","variation":"Default","size":"CT_CSS_SKIP_RULE","line-height":"CT_CSS_SKIP_RULE","letter-spacing":"CT_CSS_SKIP_RULE","text-transform":"CT_CSS_SKIP_RULE","text-decoration":"CT_CSS_SKIP_RULE"},"pageExcerptColor":{"default":{"color":"CT_CSS_SKIP_RULEDEFAULT"}},"breadcrumbsFont":{"family":"Default","variation":"Default","size":"CT_CSS_SKIP_RULE","line-height":"CT_CSS_SKIP_RULE","letter-spacing":"CT_CSS_SKIP_RULE","text-transform":"CT_CSS_SKIP_RULE","text-decoration":"CT_CSS_SKIP_RULE"},"breadcrumbsFontColor":{"default":{"color":"CT_CSS_SKIP_RULEDEFAULT"},"initial":{"color":"CT_CSS_SKIP_RULEDEFAULT"},"hover":{"color":"CT_CSS_SKIP_RULEDEFAULT"}},"pageTitleOverlay":{"background_type":"color","background_pattern":"type-1","background_image":{"attachment_id":null,"x":0,"y":0},"gradient":"linear-gradient(135deg,rgba(6,147,227,1) 0%,rgb(155,81,224) 100%)","background_repeat":"repeat","background_size":"auto","background_attachment":"scroll","patternColor":{"default":{"color":"#e5e7ea"}},"overlayColor":{"default":{"color":"CT_CSS_SKIP_RULE"}},"backgroundColor":{"default":{"color":"CT_CSS_SKIP_RULE"}}},"pageTitleBackground":{"background_type":"color","background_pattern":"type-1","background_image":{"attachment_id":null,"x":0,"y":0},"gradient":"linear-gradient(135deg,rgba(6,147,227,1) 0%,rgb(155,81,224) 100%)","background_repeat":"repeat","background_size":"auto","background_attachment":"scroll","patternColor":{"default":{"color":"#e5e7ea"}},"overlayColor":{"default":{"color":"CT_CSS_SKIP_RULE"}},"backgroundColor":{"default":{"color":"var(--theme-palette-color-6)"}}},"pageTitlePadding":{"top":"50px","bottom":"50px","left":"auto","right":"auto","linked":true},"e5f84bfb1451736dd519be017f3b8908":"","page_structure_type":"default","cd04af0b28349ff9ae8912f28d4931ec":"","content_style_source":"inherit","content_style":"wide","vertical_spacing_source":"custom","content_area_spacing":"none","background":{"background_type":"color","background_pattern":"type-1","background_image":{"attachment_id":null,"x":0,"y":0},"gradient":"linear-gradient(135deg,rgba(6,147,227,1) 0%,rgb(155,81,224) 100%)","background_repeat":"repeat","background_size":"auto","background_attachment":"scroll","patternColor":{"default":{"color":"#e5e7ea"}},"overlayColor":{"default":{"color":"CT_CSS_SKIP_RULE"}},"backgroundColor":{"default":{"color":"CT_CSS_SKIP_RULE"}}},"content_background":{"background_type":"color","background_pattern":"type-1","background_image":{"attachment_id":null,"x":0,"y":0},"gradient":"linear-gradient(135deg,rgba(6,147,227,1) 0%,rgb(155,81,224) 100%)","background_repeat":"repeat","background_size":"auto","background_attachment":"scroll","patternColor":{"default":{"color":"#e5e7ea"}},"overlayColor":{"default":{"color":"CT_CSS_SKIP_RULE"}},"backgroundColor":{"default":{"color":"var(--theme-palette-color-8)"}}},"content_boxed_shadow":{"inherit":false,"blur":18,"spread":-6,"v_offset":12,"h_offset":0,"inset":false,"enable":true,"color":{"color":"rgba(34, 56, 101, 0.04)"}},"content_boxed_border":{"width":1,"style":"none","color":{"color":"rgba(44,62,80,0.2)"}},"content_boxed_radius":{"top":"3px","bottom":"3px","left":"3px","right":"3px","linked":true},"boxed_content_spacing":{"desktop":{"top":"40px","bottom":"40px","left":"40px","right":"40px","linked":true},"tablet":{"top":"35px","bottom":"35px","left":"35px","right":"35px","linked":true},"mobile":{"top":"20px","bottom":"20px","left":"20px","right":"20px","linked":true}},"dfe8615bdb7bb0523a6f436392a2e395":"","disable_featured_image":"no","disable_share_box":"no","disable_header":"no","disable_footer":"no","styles_descriptor":{"styles":{"desktop":"","tablet":"","mobile":""},"google_fonts":[],"version":6}},"_links":{"self":[{"href":"https:\/\/prontoifit.com.br\/index.php?rest_route=\/wp\/v2\/pages\/810","targetHints":{"allow":["GET"]}}],"collection":[{"href":"https:\/\/prontoifit.com.br\/index.php?rest_route=\/wp\/v2\/pages"}],"about":[{"href":"https:\/\/prontoifit.com.br\/index.php?rest_route=\/wp\/v2\/types\/page"}],"author":[{"embeddable":true,"href":"https:\/\/prontoifit.com.br\/index.php?rest_route=\/wp\/v2\/users\/1"}],"replies":[{"embeddable":true,"href":"https:\/\/prontoifit.com.br\/index.php?rest_route=%2Fwp%2Fv2%2Fcomments&post=810"}],"version-history":[{"count":13,"href":"https:\/\/prontoifit.com.br\/index.php?rest_route=\/wp\/v2\/pages\/810\/revisions"}],"predecessor-version":[{"id":1298,"href":"https:\/\/prontoifit.com.br\/index.php?rest_route=\/wp\/v2\/pages\/810\/revisions\/1298"}],"wp:attachment":[{"href":"https:\/\/prontoifit.com.br\/index.php?rest_route=%2Fwp%2Fv2%2Fmedia&parent=810"}],"curies":[{"name":"wp","href":"https:\/\/api.w.org\/{rel}","templated":true}]}}