{"id":1193,"date":"2026-02-16T16:16:43","date_gmt":"2026-02-16T16:16:43","guid":{"rendered":"https:\/\/prontoifit.com.br\/?post_type=product&#038;p=1193"},"modified":"2026-02-16T16:16:48","modified_gmt":"2026-02-16T16:16:48","slug":"suco-detox-verde","status":"publish","type":"product","link":"https:\/\/prontoifit.com.br\/?product=suco-detox-verde","title":{"rendered":"Suco Detox verde"},"content":{"rendered":"<p class=\"text-sm text-muted-foreground mb-3 line-clamp-2\">Suco verde refrescante para energia e desintoxica\u00e7\u00e3o.<\/p>\n<p class=\"text-xs text-muted-foreground\/70 mb-4\"><span class=\"font-medium\">Ingredientes:<\/span>\u00a0Couve, lim\u00e3o, gengibre, ma\u00e7\u00e3 verde, hortel\u00e3<\/p>\n","protected":false},"excerpt":{"rendered":"<p class=\"text-sm text-muted-foreground mb-3 line-clamp-2\">Suco verde refrescante para energia e desintoxica\u00e7\u00e3o.<\/p>\n<p class=\"text-xs text-muted-foreground\/70 mb-4\"><span class=\"font-medium\">Ingredientes:<\/span>\u00a0Couve, lim\u00e3o, gengibre, ma\u00e7\u00e3 verde, hortel\u00e3<\/p>\n","protected":false},"featured_media":1187,"comment_status":"open","ping_status":"closed","template":"","meta":[],"product_brand":[],"product_cat":[32],"product_tag":[],"class_list":{"0":"post-1193","1":"product","2":"type-product","3":"status-publish","4":"has-post-thumbnail","6":"product_cat-sucos","8":"first","9":"instock","10":"sale","11":"shipping-taxable","12":"purchasable","13":"product-type-simple"},"_links":{"self":[{"href":"https:\/\/prontoifit.com.br\/index.php?rest_route=\/wp\/v2\/product\/1193","targetHints":{"allow":["GET"]}}],"collection":[{"href":"https:\/\/prontoifit.com.br\/index.php?rest_route=\/wp\/v2\/product"}],"about":[{"href":"https:\/\/prontoifit.com.br\/index.php?rest_route=\/wp\/v2\/types\/product"}],"replies":[{"embeddable":true,"href":"https:\/\/prontoifit.com.br\/index.php?rest_route=%2Fwp%2Fv2%2Fcomments&post=1193"}],"wp:featuredmedia":[{"embeddable":true,"href":"https:\/\/prontoifit.com.br\/index.php?rest_route=\/wp\/v2\/media\/1187"}],"wp:attachment":[{"href":"https:\/\/prontoifit.com.br\/index.php?rest_route=%2Fwp%2Fv2%2Fmedia&parent=1193"}],"wp:term":[{"taxonomy":"product_brand","embeddable":true,"href":"https:\/\/prontoifit.com.br\/index.php?rest_route=%2Fwp%2Fv2%2Fproduct_brand&post=1193"},{"taxonomy":"product_cat","embeddable":true,"href":"https:\/\/prontoifit.com.br\/index.php?rest_route=%2Fwp%2Fv2%2Fproduct_cat&post=1193"},{"taxonomy":"product_tag","embeddable":true,"href":"https:\/\/prontoifit.com.br\/index.php?rest_route=%2Fwp%2Fv2%2Fproduct_tag&post=1193"}],"curies":[{"name":"wp","href":"https:\/\/api.w.org\/{rel}","templated":true}]}}